{"id":507,"date":"2019-02-08T14:52:53","date_gmt":"2019-02-08T14:52:53","guid":{"rendered":"https:\/\/dorsoo.com\/become-a-distributor\/"},"modified":"2019-05-07T10:00:16","modified_gmt":"2019-05-07T08:00:16","slug":"devenir-distributeur","status":"publish","type":"page","link":"https:\/\/www.dorsoo.com\/fr\/devenir-distributeur\/","title":{"rendered":"Devenez distributeur"},"content":{"rendered":"<div class=\"wpb-content-wrapper\"><p>[vc_row css_animation=\u00a0\u00bb\u00a0\u00bb row_type=\u00a0\u00bbrow\u00a0\u00bb use_row_as_full_screen_section=\u00a0\u00bbno\u00a0\u00bb type=\u00a0\u00bbgrid\u00a0\u00bb angled_section=\u00a0\u00bbno\u00a0\u00bb text_align=\u00a0\u00bbleft\u00a0\u00bb background_image_as_pattern=\u00a0\u00bbwithout_pattern\u00a0\u00bb z_index=\u00a0\u00bb\u00a0\u00bb el_class=\u00a0\u00bbhome-banner home-subbanner\u00a0\u00bb][vc_column width=\u00a0\u00bb1\/2&Prime; el_class=\u00a0\u00bbheader-title-block\u00a0\u00bb][vc_empty_space][vc_column_text]<\/p>\n<h1>Dormir sainement la nuit. Collaborer avec brio la journ\u00e9e.<br \/>\nC\u2019est ce que vous faites avec Dorsoo.<\/h1>\n<p>[\/vc_column_text][vc_empty_space][\/vc_column][vc_column width=\u00a0\u00bb1\/2&Prime;][vc_single_image image=\u00a0\u00bb453&Prime; img_size=\u00a0\u00bbfull\u00a0\u00bb alignment=\u00a0\u00bbright\u00a0\u00bb qode_css_animation=\u00a0\u00bb\u00a0\u00bb][\/vc_column][\/vc_row][vc_row css_animation=\u00a0\u00bb\u00a0\u00bb row_type=\u00a0\u00bbrow\u00a0\u00bb use_row_as_full_screen_section=\u00a0\u00bbno\u00a0\u00bb type=\u00a0\u00bbgrid\u00a0\u00bb angled_section=\u00a0\u00bbno\u00a0\u00bb text_align=\u00a0\u00bbcenter\u00a0\u00bb background_image_as_pattern=\u00a0\u00bbwithout_pattern\u00a0\u00bb z_index=\u00a0\u00bb\u00a0\u00bb css=\u00a0\u00bb.vc_custom_1553073731588{padding-top: 50px !important;}\u00a0\u00bb][vc_column][vc_column_text]<\/p>\n<h2>Pourquoi collaborer avec Dorsoo ?<\/h2>\n<p>[\/vc_column_text][\/vc_column][\/vc_row][vc_row css_animation=\u00a0\u00bb\u00a0\u00bb row_type=\u00a0\u00bbrow\u00a0\u00bb use_row_as_full_screen_section=\u00a0\u00bbno\u00a0\u00bb type=\u00a0\u00bbgrid\u00a0\u00bb angled_section=\u00a0\u00bbno\u00a0\u00bb text_align=\u00a0\u00bbcenter\u00a0\u00bb background_image_as_pattern=\u00a0\u00bbwithout_pattern\u00a0\u00bb el_class=\u00a0\u00bbactive-plus-icons\u00a0\u00bb z_index=\u00a0\u00bb\u00a0\u00bb][vc_column width=\u00a0\u00bb1\/12&Prime;][\/vc_column][vc_column width=\u00a0\u00bb2\/12&Prime;][vc_single_image image=\u00a0\u00bb827&Prime; img_size=\u00a0\u00bbfull\u00a0\u00bb alignment=\u00a0\u00bbcenter\u00a0\u00bb qode_css_animation=\u00a0\u00bb\u00a0\u00bb][vc_column_text]Produit unique[\/vc_column_text][\/vc_column][vc_column width=\u00a0\u00bb2\/12&Prime;][vc_single_image image=\u00a0\u00bb821&Prime; img_size=\u00a0\u00bbfull\u00a0\u00bb alignment=\u00a0\u00bbcenter\u00a0\u00bb qode_css_animation=\u00a0\u00bb\u00a0\u00bb][vc_column_text]Support marketing[\/vc_column_text][\/vc_column][vc_column width=\u00a0\u00bb2\/12&Prime;][vc_single_image image=\u00a0\u00bb508&Prime; img_size=\u00a0\u00bbfull\u00a0\u00bb alignment=\u00a0\u00bbcenter\u00a0\u00bb qode_css_animation=\u00a0\u00bb\u00a0\u00bb][vc_column_text]Qualit\u00e9 belge[\/vc_column_text][\/vc_column][vc_column width=\u00a0\u00bb2\/12&Prime;][vc_single_image image=\u00a0\u00bb518&Prime; img_size=\u00a0\u00bbfull\u00a0\u00bb alignment=\u00a0\u00bbcenter\u00a0\u00bb qode_css_animation=\u00a0\u00bb\u00a0\u00bb][vc_column_text]Note de 9\/10 attribu\u00e9e par les clients[\/vc_column_text][\/vc_column][vc_column width=\u00a0\u00bb2\/12&Prime;][vc_single_image image=\u00a0\u00bb824&Prime; img_size=\u00a0\u00bbfull\u00a0\u00bb alignment=\u00a0\u00bbcenter\u00a0\u00bb qode_css_animation=\u00a0\u00bb\u00a0\u00bb][vc_column_text]Service[\/vc_column_text][\/vc_column][vc_column width=\u00a0\u00bb1\/12&Prime;][\/vc_column][\/vc_row][vc_row css_animation=\u00a0\u00bb\u00a0\u00bb row_type=\u00a0\u00bbrow\u00a0\u00bb use_row_as_full_screen_section=\u00a0\u00bbno\u00a0\u00bb type=\u00a0\u00bbgrid\u00a0\u00bb angled_section=\u00a0\u00bbno\u00a0\u00bb text_align=\u00a0\u00bbleft\u00a0\u00bb background_image_as_pattern=\u00a0\u00bbwithout_pattern\u00a0\u00bb z_index=\u00a0\u00bb\u00a0\u00bb][vc_column][vc_empty_space][vc_column_text]80\u00a0% des adultes souffrent t\u00f4t ou tard de maux de dos. Et gagneraient \u00e0 utiliser un syst\u00e8me de couchage parfaitement adapt\u00e9 aux personnes souffrant de maux de dos. Avec Dorsoo, vous choisissez une solution de couchage exclusive, un soutien actif et dynamique et une marque forte.[\/vc_column_text][\/vc_column][\/vc_row][vc_row css_animation=\u00a0\u00bb\u00a0\u00bb row_type=\u00a0\u00bbrow\u00a0\u00bb use_row_as_full_screen_section=\u00a0\u00bbno\u00a0\u00bb type=\u00a0\u00bbgrid\u00a0\u00bb angled_section=\u00a0\u00bbno\u00a0\u00bb text_align=\u00a0\u00bbleft\u00a0\u00bb background_image_as_pattern=\u00a0\u00bbwithout_pattern\u00a0\u00bb el_class=\u00a0\u00bbrw-section cf7_custom_style_2 sp-single\u00a0\u00bb z_index=\u00a0\u00bb\u00a0\u00bb][vc_column width=\u00a0\u00bb1\/2&Prime; css=\u00a0\u00bb.vc_custom_1550233463759{padding-right: 50px !important;}\u00a0\u00bb][vc_column_text]<\/p>\n<h2>Vendez notre syst\u00e8me de couchage ACTIVE+<\/h2>\n<p>[\/vc_column_text][vc_empty_space][vc_column_text]Avec une alimentation \u00e9quilibr\u00e9e et de l\u2019exercice en suffisance, bien dormir est indispensable pour notre sant\u00e9.<br \/>\nNous vivons tous \u00e0 un rythme effr\u00e9n\u00e9. C\u2019est pourquoi il est important que nous r\u00e9cup\u00e9rions un maximum pendant notre sommeil.<br \/>\nDorsoo r\u00e9pond \u00e0 cette demande avec le syst\u00e8me de couchage unique ACTIVE+. Et vous r\u00e9coltez vous aussi les fruits de ce succ\u00e8s.<\/p>\n<p>&nbsp;<\/p>\n<p>Vous \u00eates int\u00e9ress\u00e9 par une collaboration avec Dorsoo ?<br \/>\nRemplissez le formulaire et nous vous contacterons le plus rapidement possible.[\/vc_column_text][\/vc_column][vc_column width=\u00a0\u00bb1\/2&Prime; el_class=\u00a0\u00bbmobile-margin\u00a0\u00bb][vc_column_text]<\/p>\n<h2>Devenez distributeur<\/h2>\n<p>[\/vc_column_text]\n<div class=\"wpcf7 no-js\" id=\"wpcf7-f852-o1\" lang=\"nl-NL\" dir=\"ltr\" data-wpcf7-id=\"852\">\n<div class=\"screen-reader-response\"><p role=\"status\" aria-live=\"polite\" aria-atomic=\"true\"><\/p> <ul><\/ul><\/div>\n<form action=\"\/fr\/wp-json\/wp\/v2\/pages\/507#wpcf7-f852-o1\" method=\"post\" class=\"wpcf7-form init cf7_custom_style_2\" aria-label=\"Contactformulier\" novalidate=\"novalidate\" data-status=\"init\">\n<fieldset class=\"hidden-fields-container\"><input type=\"hidden\" name=\"_wpcf7\" value=\"852\" \/><input type=\"hidden\" name=\"_wpcf7_version\" value=\"6.1.5\" \/><input type=\"hidden\" name=\"_wpcf7_locale\" value=\"nl_NL\" \/><input type=\"hidden\" name=\"_wpcf7_unit_tag\" value=\"wpcf7-f852-o1\" \/><input type=\"hidden\" name=\"_wpcf7_container_post\" value=\"0\" \/><input type=\"hidden\" name=\"_wpcf7_posted_data_hash\" value=\"\" \/><input type=\"hidden\" name=\"_wpcf7dtx_version\" value=\"5.0.5\" \/><input type=\"hidden\" name=\"_wpcf7_recaptcha_response\" value=\"\" \/>\n<\/fieldset>\n<p><span class=\"wpcf7-form-control-wrap\" data-name=\"naam\"><input size=\"40\" maxlength=\"400\" class=\"wpcf7-form-control wpcf7-text wpcf7-validates-as-required\" aria-required=\"true\" aria-invalid=\"false\" placeholder=\"Nom*\" value=\"\" type=\"text\" name=\"naam\" \/><\/span><br \/>\n<span class=\"wpcf7-form-control-wrap\" data-name=\"phone-number\"><input size=\"40\" maxlength=\"400\" class=\"wpcf7-form-control wpcf7-tel wpcf7-validates-as-required wpcf7-text wpcf7-validates-as-tel\" aria-required=\"true\" aria-invalid=\"false\" placeholder=\"Num\u00e9ro de t\u00e9l\u00e9phone*\" value=\"\" type=\"tel\" name=\"phone-number\" \/><\/span><br \/>\n<span class=\"wpcf7-form-control-wrap\" data-name=\"email\"><input size=\"40\" maxlength=\"400\" class=\"wpcf7-form-control wpcf7-email wpcf7-validates-as-required wpcf7-text wpcf7-validates-as-email\" aria-required=\"true\" aria-invalid=\"false\" placeholder=\"Adresse e-mail*\" value=\"\" type=\"email\" name=\"email\" \/><\/span><br \/>\n<span class=\"wpcf7-form-control-wrap\" data-name=\"company\"><input size=\"40\" maxlength=\"400\" class=\"wpcf7-form-control wpcf7-text wpcf7-validates-as-required\" aria-required=\"true\" aria-invalid=\"false\" placeholder=\"Votre entreprise*\" value=\"\" type=\"text\" name=\"company\" \/><\/span><br \/>\n<span class=\"wpcf7-form-control-wrap\" data-name=\"message-field\"><textarea cols=\"40\" rows=\"10\" maxlength=\"2000\" class=\"wpcf7-form-control wpcf7-textarea wpcf7-validates-as-required\" aria-required=\"true\" aria-invalid=\"false\" placeholder=\"Plus d&#039;informations sur votre entreprise*\" name=\"message-field\"><\/textarea><\/span><br \/>\n<span class=\"wpcf7-form-control-wrap\" data-name=\"acceptance-294\"><span class=\"wpcf7-form-control wpcf7-acceptance\"><span class=\"wpcf7-list-item\"><label><input type=\"checkbox\" name=\"acceptance-294\" value=\"1\" aria-invalid=\"false\" \/><span class=\"wpcf7-list-item-label\">Je suis d'accord avec les <a target=\"_blank\" href=\"https:\/\/www.dorsoo.com\/fr\/privacy-disclaimer\/\"> termes et conditions <\/a><\/span><\/label><\/span><\/span><\/span>\n<\/p>\n<div class=\"zend-bericht clearfix\">\n\t<p><input class=\"wpcf7-form-control wpcf7-submit has-spinner send-message\" id=\"send-message\" type=\"submit\" value=\"Envoyer\" \/>\n\t<\/p>\n<\/div><div class=\"wpcf7-response-output\" aria-hidden=\"true\"><\/div>\n<\/form>\n<\/div>\n[\/vc_column][\/vc_row]<\/p>\n<\/div>","protected":false},"excerpt":{"rendered":"<p>[vc_row css_animation=\u00a0\u00bb\u00a0\u00bb row_type=\u00a0\u00bbrow\u00a0\u00bb use_row_as_full_screen_section=\u00a0\u00bbno\u00a0\u00bb type=\u00a0\u00bbgrid\u00a0\u00bb angled_section=\u00a0\u00bbno\u00a0\u00bb text_align=\u00a0\u00bbleft\u00a0\u00bb background_image_as_pattern=\u00a0\u00bbwithout_pattern\u00a0\u00bb z_index=\u00a0\u00bb\u00a0\u00bb el_class=\u00a0\u00bbhome-banner home-subbanner\u00a0\u00bb][vc_column width=\u00a0\u00bb1\/2&Prime; el_class=\u00a0\u00bbheader-title-block\u00a0\u00bb][vc_empty_space][vc_column_text] Dormir sainement la nuit. Collaborer avec brio la journ\u00e9e. C\u2019est ce que vous faites avec Dorsoo. [\/vc_column_text][vc_empty_space][\/vc_column][vc_column width=\u00a0\u00bb1\/2&Prime;][vc_single_image image=\u00a0\u00bb453&Prime; img_size=\u00a0\u00bbfull\u00a0\u00bb alignment=\u00a0\u00bbright\u00a0\u00bb qode_css_animation=\u00a0\u00bb\u00a0\u00bb][\/vc_column][\/vc_row][vc_row css_animation=\u00a0\u00bb\u00a0\u00bb row_type=\u00a0\u00bbrow\u00a0\u00bb use_row_as_full_screen_section=\u00a0\u00bbno\u00a0\u00bb type=\u00a0\u00bbgrid\u00a0\u00bb angled_section=\u00a0\u00bbno\u00a0\u00bb text_align=\u00a0\u00bbcenter\u00a0\u00bb background_image_as_pattern=\u00a0\u00bbwithout_pattern\u00a0\u00bb z_index=\u00a0\u00bb\u00a0\u00bb css=\u00a0\u00bb.vc_custom_1553073731588{padding-top: 50px&#8230;<\/p>\n","protected":false},"author":1,"featured_media":0,"parent":0,"menu_order":0,"comment_status":"closed","ping_status":"closed","template":"full_width.php","meta":{"_acf_changed":false,"inline_featured_image":false,"footnotes":""},"class_list":["post-507","page","type-page","status-publish","hentry"],"acf":[],"yoast_head":"<!-- This site is optimized with the Yoast SEO plugin v27.4 - https:\/\/yoast.com\/product\/yoast-seo-wordpress\/ -->\n<title>Devenez distributeur - Dorsoo<\/title>\n<meta name=\"description\" content=\"Int\u00e9ress\u00e9 par une collaboration avec Dorsoo ? Avec Dorsoo vous optez pour une solution de sommeil exclusive, un soutien actif et une marque forte.\" \/>\n<meta name=\"robots\" content=\"index, follow, max-snippet:-1, max-image-preview:large, max-video-preview:-1\" \/>\n<link rel=\"canonical\" href=\"https:\/\/www.dorsoo.com\/fr\/devenir-distributeur\/\" \/>\n<meta property=\"og:locale\" content=\"fr_FR\" \/>\n<meta property=\"og:type\" content=\"article\" \/>\n<meta property=\"og:title\" content=\"Devenez distributeur - Dorsoo\" \/>\n<meta property=\"og:description\" content=\"Int\u00e9ress\u00e9 par une collaboration avec Dorsoo ? Avec Dorsoo vous optez pour une solution de sommeil exclusive, un soutien actif et une marque forte.\" \/>\n<meta property=\"og:url\" content=\"https:\/\/www.dorsoo.com\/fr\/devenir-distributeur\/\" \/>\n<meta property=\"og:site_name\" content=\"Dorsoo\" \/>\n<meta property=\"article:modified_time\" content=\"2019-05-07T08:00:16+00:00\" \/>\n<meta name=\"twitter:card\" content=\"summary_large_image\" \/>\n<meta name=\"twitter:label1\" content=\"Dur\u00e9e de lecture estim\u00e9e\" \/>\n\t<meta name=\"twitter:data1\" content=\"3 minutes\" \/>\n<script type=\"application\/ld+json\" class=\"yoast-schema-graph\">{\"@context\":\"https:\\\/\\\/schema.org\",\"@graph\":[{\"@type\":\"WebPage\",\"@id\":\"https:\\\/\\\/www.dorsoo.com\\\/fr\\\/devenir-distributeur\\\/\",\"url\":\"https:\\\/\\\/www.dorsoo.com\\\/fr\\\/devenir-distributeur\\\/\",\"name\":\"Devenez distributeur - Dorsoo\",\"isPartOf\":{\"@id\":\"https:\\\/\\\/www.dorsoo.com\\\/fr\\\/#website\"},\"datePublished\":\"2019-02-08T14:52:53+00:00\",\"dateModified\":\"2019-05-07T08:00:16+00:00\",\"description\":\"Int\u00e9ress\u00e9 par une collaboration avec Dorsoo ? Avec Dorsoo vous optez pour une solution de sommeil exclusive, un soutien actif et une marque forte.\",\"breadcrumb\":{\"@id\":\"https:\\\/\\\/www.dorsoo.com\\\/fr\\\/devenir-distributeur\\\/#breadcrumb\"},\"inLanguage\":\"fr-FR\",\"potentialAction\":[{\"@type\":\"ReadAction\",\"target\":[\"https:\\\/\\\/www.dorsoo.com\\\/fr\\\/devenir-distributeur\\\/\"]}]},{\"@type\":\"BreadcrumbList\",\"@id\":\"https:\\\/\\\/www.dorsoo.com\\\/fr\\\/devenir-distributeur\\\/#breadcrumb\",\"itemListElement\":[{\"@type\":\"ListItem\",\"position\":1,\"name\":\"Home\",\"item\":\"https:\\\/\\\/www.dorsoo.com\\\/fr\\\/\"},{\"@type\":\"ListItem\",\"position\":2,\"name\":\"Devenez distributeur\"}]},{\"@type\":\"WebSite\",\"@id\":\"https:\\\/\\\/www.dorsoo.com\\\/fr\\\/#website\",\"url\":\"https:\\\/\\\/www.dorsoo.com\\\/fr\\\/\",\"name\":\"Dorsoo\",\"description\":\"Zorg voor uw slaap \u00e9n uw rug\u200e\",\"potentialAction\":[{\"@type\":\"SearchAction\",\"target\":{\"@type\":\"EntryPoint\",\"urlTemplate\":\"https:\\\/\\\/www.dorsoo.com\\\/fr\\\/?s={search_term_string}\"},\"query-input\":{\"@type\":\"PropertyValueSpecification\",\"valueRequired\":true,\"valueName\":\"search_term_string\"}}],\"inLanguage\":\"fr-FR\"}]}<\/script>\n<!-- \/ Yoast SEO plugin. -->","yoast_head_json":{"title":"Devenez distributeur - Dorsoo","description":"Int\u00e9ress\u00e9 par une collaboration avec Dorsoo ? Avec Dorsoo vous optez pour une solution de sommeil exclusive, un soutien actif et une marque forte.","robots":{"index":"index","follow":"follow","max-snippet":"max-snippet:-1","max-image-preview":"max-image-preview:large","max-video-preview":"max-video-preview:-1"},"canonical":"https:\/\/www.dorsoo.com\/fr\/devenir-distributeur\/","og_locale":"fr_FR","og_type":"article","og_title":"Devenez distributeur - Dorsoo","og_description":"Int\u00e9ress\u00e9 par une collaboration avec Dorsoo ? Avec Dorsoo vous optez pour une solution de sommeil exclusive, un soutien actif et une marque forte.","og_url":"https:\/\/www.dorsoo.com\/fr\/devenir-distributeur\/","og_site_name":"Dorsoo","article_modified_time":"2019-05-07T08:00:16+00:00","twitter_card":"summary_large_image","twitter_misc":{"Dur\u00e9e de lecture estim\u00e9e":"3 minutes"},"schema":{"@context":"https:\/\/schema.org","@graph":[{"@type":"WebPage","@id":"https:\/\/www.dorsoo.com\/fr\/devenir-distributeur\/","url":"https:\/\/www.dorsoo.com\/fr\/devenir-distributeur\/","name":"Devenez distributeur - Dorsoo","isPartOf":{"@id":"https:\/\/www.dorsoo.com\/fr\/#website"},"datePublished":"2019-02-08T14:52:53+00:00","dateModified":"2019-05-07T08:00:16+00:00","description":"Int\u00e9ress\u00e9 par une collaboration avec Dorsoo ? Avec Dorsoo vous optez pour une solution de sommeil exclusive, un soutien actif et une marque forte.","breadcrumb":{"@id":"https:\/\/www.dorsoo.com\/fr\/devenir-distributeur\/#breadcrumb"},"inLanguage":"fr-FR","potentialAction":[{"@type":"ReadAction","target":["https:\/\/www.dorsoo.com\/fr\/devenir-distributeur\/"]}]},{"@type":"BreadcrumbList","@id":"https:\/\/www.dorsoo.com\/fr\/devenir-distributeur\/#breadcrumb","itemListElement":[{"@type":"ListItem","position":1,"name":"Home","item":"https:\/\/www.dorsoo.com\/fr\/"},{"@type":"ListItem","position":2,"name":"Devenez distributeur"}]},{"@type":"WebSite","@id":"https:\/\/www.dorsoo.com\/fr\/#website","url":"https:\/\/www.dorsoo.com\/fr\/","name":"Dorsoo","description":"Zorg voor uw slaap \u00e9n uw rug\u200e","potentialAction":[{"@type":"SearchAction","target":{"@type":"EntryPoint","urlTemplate":"https:\/\/www.dorsoo.com\/fr\/?s={search_term_string}"},"query-input":{"@type":"PropertyValueSpecification","valueRequired":true,"valueName":"search_term_string"}}],"inLanguage":"fr-FR"}]}},"_links":{"self":[{"href":"https:\/\/www.dorsoo.com\/fr\/wp-json\/wp\/v2\/pages\/507","targetHints":{"allow":["GET"]}}],"collection":[{"href":"https:\/\/www.dorsoo.com\/fr\/wp-json\/wp\/v2\/pages"}],"about":[{"href":"https:\/\/www.dorsoo.com\/fr\/wp-json\/wp\/v2\/types\/page"}],"author":[{"embeddable":true,"href":"https:\/\/www.dorsoo.com\/fr\/wp-json\/wp\/v2\/users\/1"}],"replies":[{"embeddable":true,"href":"https:\/\/www.dorsoo.com\/fr\/wp-json\/wp\/v2\/comments?post=507"}],"version-history":[{"count":0,"href":"https:\/\/www.dorsoo.com\/fr\/wp-json\/wp\/v2\/pages\/507\/revisions"}],"wp:attachment":[{"href":"https:\/\/www.dorsoo.com\/fr\/wp-json\/wp\/v2\/media?parent=507"}],"curies":[{"name":"wp","href":"https:\/\/api.w.org\/{rel}","templated":true}]}}