{"id":463,"date":"2019-02-20T14:00:00","date_gmt":"2019-02-20T13:00:00","guid":{"rendered":"https:\/\/dorsoo.com\/about\/"},"modified":"2022-12-05T11:26:31","modified_gmt":"2022-12-05T10:26:31","slug":"a-notre-propos","status":"publish","type":"page","link":"https:\/\/www.dorsoo.com\/fr\/a-notre-propos\/","title":{"rendered":"\u00c0 propos de Dorsoo"},"content":{"rendered":"<div class=\"wpb-content-wrapper\"><p>[vc_row css_animation=\u00a0\u00bb\u00a0\u00bb row_type=\u00a0\u00bbrow\u00a0\u00bb use_row_as_full_screen_section=\u00a0\u00bbno\u00a0\u00bb type=\u00a0\u00bbgrid\u00a0\u00bb angled_section=\u00a0\u00bbno\u00a0\u00bb text_align=\u00a0\u00bbleft\u00a0\u00bb background_image_as_pattern=\u00a0\u00bbwithout_pattern\u00a0\u00bb z_index=\u00a0\u00bb\u00a0\u00bb css=\u00a0\u00bb.vc_custom_1551691236349{padding-top: 50px !important;}\u00a0\u00bb][vc_column][vc_row_inner row_type=\u00a0\u00bbrow\u00a0\u00bb type=\u00a0\u00bbfull_width\u00a0\u00bb text_align=\u00a0\u00bbleft\u00a0\u00bb css_animation=\u00a0\u00bb\u00a0\u00bb][vc_column_inner][vc_column_text]<\/p>\n<h2>Ceux qui se cachent derri\u00e8re la marque<\/h2>\n<p>[\/vc_column_text][vc_column_text]L\u2019\u00e9quipe de Dorsoo est compos\u00e9e de professionnels passionn\u00e9s qui contribuent, chacun dans leur sp\u00e9cialit\u00e9, \u00e0 la solution par excellence pour dormir sans avoir mal au dos.[\/vc_column_text][vc_empty_space height=\u00a0\u00bb50px\u00a0\u00bb][\/vc_column_inner][\/vc_row_inner][vc_row_inner row_type=\u00a0\u00bbrow\u00a0\u00bb type=\u00a0\u00bbfull_width\u00a0\u00bb text_align=\u00a0\u00bbleft\u00a0\u00bb css_animation=\u00a0\u00bb\u00a0\u00bb][vc_column_inner width=\u00a0\u00bb1\/2&Prime;][vc_column_text]<\/p>\n<h2>Votre lit : un produit de qualit\u00e9 100 % belge<\/h2>\n<p>[\/vc_column_text][vc_column_text]Dorsoo est un fabricant belge de syst\u00e8mes de couchage uniques.[\/vc_column_text][vc_column_text]<\/p>\n<blockquote><p>Notre mission consiste \u00e0 offrir \u00e0 tous, et en particulier aux personnes souffrant du dos, une nuit de sommeil optimale.<\/p><\/blockquote>\n<p>[\/vc_column_text][vc_column_text]Des mat\u00e9riaux de haute qualit\u00e9, une technique \u00e0 la pointe du progr\u00e8s et une philosophie qui met la satisfaction du client \u00e0 l\u2019avant-plan sont les atouts de Dorsoo.<\/p>\n<p>&nbsp;<\/p>\n<p>Nous garantissons \u00e0 tous nos clients une am\u00e9lioration maximale de la qualit\u00e9 de leur sommeil. Pour cela, nous n\u2019avons pas d\u2019autre choix que d\u2019imposer les normes les plus strictes \u00e0 notre produit, aux mat\u00e9riaux que nous utilisons et \u00e0 notre service.[\/vc_column_text][\/vc_column_inner][vc_column_inner width=\u00a0\u00bb1\/2&Prime;][vc_empty_space height=\u00a0\u00bb70px\u00a0\u00bb][vc_single_image image=\u00a0\u00bb26487&Prime; img_size=\u00a0\u00bbfull\u00a0\u00bb alignment=\u00a0\u00bbcenter\u00a0\u00bb qode_css_animation=\u00a0\u00bb\u00a0\u00bb][\/vc_column_inner][\/vc_row_inner][vc_empty_space height=\u00a0\u00bb15px\u00a0\u00bb][vc_empty_space height=\u00a0\u00bb50px\u00a0\u00bb][vc_column_text]<\/p>\n<h2>Origine : Handi-Move<\/h2>\n<p>[\/vc_column_text][vc_column_text]L\u2019entreprise <a href=\"https:\/\/www.handimove.com\">Handi-Move<\/a> est mondialement connue comme le sp\u00e9cialiste en syst\u00e8mes de levage respectueux du dos pour augmenter la mobilit\u00e9 des personnes en fauteuil roulant et \u00e9pargner le dos du personnel soignant. Handi-Move est active dans le monde entier avec une \u00e9quipe de quelque 100 collaborateurs et 85\u00a0% de ses exportations partent vers les \u00c9tats-Unis, le Japon et l\u2019Europe.<\/p>\n<p>&nbsp;<\/p>\n<p>Forts de l\u2019exp\u00e9rience et du savoir-faire acquis chez Handi-Move et parce que de plus en plus de personnes cherchaient un bon lit, nous avons eu l\u2019id\u00e9e de mettre au point un syst\u00e8me de couchage ergonomique et nous avons sp\u00e9cialement cr\u00e9\u00e9 une nouvelle soci\u00e9t\u00e9 s\u0153ur \u00e0 cet effet. En 2000, Dorsoo \u00e9tait n\u00e9e.[\/vc_column_text][vc_empty_space][\/vc_column][\/vc_row][vc_row css_animation=\u00a0\u00bb\u00a0\u00bb row_type=\u00a0\u00bbrow\u00a0\u00bb use_row_as_full_screen_section=\u00a0\u00bbno\u00a0\u00bb type=\u00a0\u00bbgrid\u00a0\u00bb angled_section=\u00a0\u00bbno\u00a0\u00bb text_align=\u00a0\u00bbcenter\u00a0\u00bb background_image_as_pattern=\u00a0\u00bbwithout_pattern\u00a0\u00bb el_class=\u00a0\u00bbrw-section cta-about\u00a0\u00bb z_index=\u00a0\u00bb\u00a0\u00bb][vc_column width=\u00a0\u00bb1\/2&Prime;][vc_single_image image=\u00a0\u00bb227&Prime; img_size=\u00a0\u00bbfull\u00a0\u00bb alignment=\u00a0\u00bbcenter\u00a0\u00bb qode_css_animation=\u00a0\u00bb\u00a0\u00bb][vc_empty_space][vc_column_text]<\/p>\n<h2>Trouvez un magasin de lit<\/h2>\n<p>[\/vc_column_text]<a  itemprop=\"url\" href=\"https:\/\/www.dorsoo.com\/fr\/magasins-de-lits\/\" target=\"_self\"  class=\"qbutton  default\" style=\"\">Trouvez un magasin de lit<\/a>[\/vc_column][vc_column width=\u00a0\u00bb1\/2&Prime;][vc_single_image image=\u00a0\u00bb227&Prime; img_size=\u00a0\u00bbfull\u00a0\u00bb alignment=\u00a0\u00bbcenter\u00a0\u00bb qode_css_animation=\u00a0\u00bb\u00a0\u00bb][vc_empty_space][vc_column_text]<\/p>\n<h2>Vendez nos lits<\/h2>\n<p>[\/vc_column_text]<a  itemprop=\"url\" href=\"https:\/\/www.dorsoo.com\/fr\/devenir-distributeur\/\" target=\"_self\"  class=\"qbutton  default\" style=\"\">Devenez distributeur<\/a>[\/vc_column][\/vc_row]<\/p>\n<\/div>","protected":false},"excerpt":{"rendered":"<p>[vc_row css_animation=\u00a0\u00bb\u00a0\u00bb row_type=\u00a0\u00bbrow\u00a0\u00bb use_row_as_full_screen_section=\u00a0\u00bbno\u00a0\u00bb type=\u00a0\u00bbgrid\u00a0\u00bb angled_section=\u00a0\u00bbno\u00a0\u00bb text_align=\u00a0\u00bbleft\u00a0\u00bb background_image_as_pattern=\u00a0\u00bbwithout_pattern\u00a0\u00bb z_index=\u00a0\u00bb\u00a0\u00bb css=\u00a0\u00bb.vc_custom_1551691236349{padding-top: 50px !important;}\u00a0\u00bb][vc_column][vc_row_inner row_type=\u00a0\u00bbrow\u00a0\u00bb type=\u00a0\u00bbfull_width\u00a0\u00bb text_align=\u00a0\u00bbleft\u00a0\u00bb css_animation=\u00a0\u00bb\u00a0\u00bb][vc_column_inner][vc_column_text] Ceux qui se cachent derri\u00e8re la marque [\/vc_column_text][vc_column_text]L\u2019\u00e9quipe de Dorsoo est compos\u00e9e de professionnels passionn\u00e9s qui contribuent, chacun dans leur sp\u00e9cialit\u00e9, \u00e0 la solution par excellence pour dormir sans&#8230;<\/p>\n","protected":false},"author":1,"featured_media":0,"parent":0,"menu_order":0,"comment_status":"closed","ping_status":"closed","template":"full_width.php","meta":{"_acf_changed":false,"inline_featured_image":false,"footnotes":""},"class_list":["post-463","page","type-page","status-publish","hentry"],"acf":[],"yoast_head":"<!-- This site is optimized with the Yoast SEO plugin v27.4 - https:\/\/yoast.com\/product\/yoast-seo-wordpress\/ -->\n<title>\u00c0 propos de Dorsoo - Dorsoo<\/title>\n<meta name=\"description\" content=\"L&#039;\u00e9quipe Dorsoo est compos\u00e9e de professionnels passionn\u00e9s qui contribuent, dans leur sp\u00e9cialit\u00e9, au syst\u00e8me de couchage pour dormir sans avoir mal au dos.\" \/>\n<meta name=\"robots\" content=\"index, follow, max-snippet:-1, max-image-preview:large, max-video-preview:-1\" \/>\n<link rel=\"canonical\" href=\"https:\/\/www.dorsoo.com\/fr\/a-notre-propos\/\" \/>\n<meta property=\"og:locale\" content=\"fr_FR\" \/>\n<meta property=\"og:type\" content=\"article\" \/>\n<meta property=\"og:title\" content=\"\u00c0 propos de Dorsoo - Dorsoo\" \/>\n<meta property=\"og:description\" content=\"L&#039;\u00e9quipe Dorsoo est compos\u00e9e de professionnels passionn\u00e9s qui contribuent, dans leur sp\u00e9cialit\u00e9, au syst\u00e8me de couchage pour dormir sans avoir mal au dos.\" \/>\n<meta property=\"og:url\" content=\"https:\/\/www.dorsoo.com\/fr\/a-notre-propos\/\" \/>\n<meta property=\"og:site_name\" content=\"Dorsoo\" \/>\n<meta property=\"article:modified_time\" content=\"2022-12-05T10:26:31+00:00\" \/>\n<meta name=\"twitter:card\" content=\"summary_large_image\" \/>\n<meta name=\"twitter:label1\" content=\"Dur\u00e9e de lecture estim\u00e9e\" \/>\n\t<meta name=\"twitter:data1\" content=\"2 minutes\" \/>\n<script type=\"application\/ld+json\" class=\"yoast-schema-graph\">{\"@context\":\"https:\\\/\\\/schema.org\",\"@graph\":[{\"@type\":\"WebPage\",\"@id\":\"https:\\\/\\\/www.dorsoo.com\\\/fr\\\/a-notre-propos\\\/\",\"url\":\"https:\\\/\\\/www.dorsoo.com\\\/fr\\\/a-notre-propos\\\/\",\"name\":\"\u00c0 propos de Dorsoo - Dorsoo\",\"isPartOf\":{\"@id\":\"https:\\\/\\\/www.dorsoo.com\\\/fr\\\/#website\"},\"datePublished\":\"2019-02-20T13:00:00+00:00\",\"dateModified\":\"2022-12-05T10:26:31+00:00\",\"description\":\"L'\u00e9quipe Dorsoo est compos\u00e9e de professionnels passionn\u00e9s qui contribuent, dans leur sp\u00e9cialit\u00e9, au syst\u00e8me de couchage pour dormir sans avoir mal au dos.\",\"breadcrumb\":{\"@id\":\"https:\\\/\\\/www.dorsoo.com\\\/fr\\\/a-notre-propos\\\/#breadcrumb\"},\"inLanguage\":\"fr-FR\",\"potentialAction\":[{\"@type\":\"ReadAction\",\"target\":[\"https:\\\/\\\/www.dorsoo.com\\\/fr\\\/a-notre-propos\\\/\"]}]},{\"@type\":\"BreadcrumbList\",\"@id\":\"https:\\\/\\\/www.dorsoo.com\\\/fr\\\/a-notre-propos\\\/#breadcrumb\",\"itemListElement\":[{\"@type\":\"ListItem\",\"position\":1,\"name\":\"Home\",\"item\":\"https:\\\/\\\/www.dorsoo.com\\\/fr\\\/\"},{\"@type\":\"ListItem\",\"position\":2,\"name\":\"\u00c0 propos de Dorsoo\"}]},{\"@type\":\"WebSite\",\"@id\":\"https:\\\/\\\/www.dorsoo.com\\\/fr\\\/#website\",\"url\":\"https:\\\/\\\/www.dorsoo.com\\\/fr\\\/\",\"name\":\"Dorsoo\",\"description\":\"Zorg voor uw slaap \u00e9n uw rug\u200e\",\"potentialAction\":[{\"@type\":\"SearchAction\",\"target\":{\"@type\":\"EntryPoint\",\"urlTemplate\":\"https:\\\/\\\/www.dorsoo.com\\\/fr\\\/?s={search_term_string}\"},\"query-input\":{\"@type\":\"PropertyValueSpecification\",\"valueRequired\":true,\"valueName\":\"search_term_string\"}}],\"inLanguage\":\"fr-FR\"}]}<\/script>\n<!-- \/ Yoast SEO plugin. -->","yoast_head_json":{"title":"\u00c0 propos de Dorsoo - Dorsoo","description":"L'\u00e9quipe Dorsoo est compos\u00e9e de professionnels passionn\u00e9s qui contribuent, dans leur sp\u00e9cialit\u00e9, au syst\u00e8me de couchage pour dormir sans avoir mal au dos.","robots":{"index":"index","follow":"follow","max-snippet":"max-snippet:-1","max-image-preview":"max-image-preview:large","max-video-preview":"max-video-preview:-1"},"canonical":"https:\/\/www.dorsoo.com\/fr\/a-notre-propos\/","og_locale":"fr_FR","og_type":"article","og_title":"\u00c0 propos de Dorsoo - Dorsoo","og_description":"L'\u00e9quipe Dorsoo est compos\u00e9e de professionnels passionn\u00e9s qui contribuent, dans leur sp\u00e9cialit\u00e9, au syst\u00e8me de couchage pour dormir sans avoir mal au dos.","og_url":"https:\/\/www.dorsoo.com\/fr\/a-notre-propos\/","og_site_name":"Dorsoo","article_modified_time":"2022-12-05T10:26:31+00:00","twitter_card":"summary_large_image","twitter_misc":{"Dur\u00e9e de lecture estim\u00e9e":"2 minutes"},"schema":{"@context":"https:\/\/schema.org","@graph":[{"@type":"WebPage","@id":"https:\/\/www.dorsoo.com\/fr\/a-notre-propos\/","url":"https:\/\/www.dorsoo.com\/fr\/a-notre-propos\/","name":"\u00c0 propos de Dorsoo - Dorsoo","isPartOf":{"@id":"https:\/\/www.dorsoo.com\/fr\/#website"},"datePublished":"2019-02-20T13:00:00+00:00","dateModified":"2022-12-05T10:26:31+00:00","description":"L'\u00e9quipe Dorsoo est compos\u00e9e de professionnels passionn\u00e9s qui contribuent, dans leur sp\u00e9cialit\u00e9, au syst\u00e8me de couchage pour dormir sans avoir mal au dos.","breadcrumb":{"@id":"https:\/\/www.dorsoo.com\/fr\/a-notre-propos\/#breadcrumb"},"inLanguage":"fr-FR","potentialAction":[{"@type":"ReadAction","target":["https:\/\/www.dorsoo.com\/fr\/a-notre-propos\/"]}]},{"@type":"BreadcrumbList","@id":"https:\/\/www.dorsoo.com\/fr\/a-notre-propos\/#breadcrumb","itemListElement":[{"@type":"ListItem","position":1,"name":"Home","item":"https:\/\/www.dorsoo.com\/fr\/"},{"@type":"ListItem","position":2,"name":"\u00c0 propos de Dorsoo"}]},{"@type":"WebSite","@id":"https:\/\/www.dorsoo.com\/fr\/#website","url":"https:\/\/www.dorsoo.com\/fr\/","name":"Dorsoo","description":"Zorg voor uw slaap \u00e9n uw rug\u200e","potentialAction":[{"@type":"SearchAction","target":{"@type":"EntryPoint","urlTemplate":"https:\/\/www.dorsoo.com\/fr\/?s={search_term_string}"},"query-input":{"@type":"PropertyValueSpecification","valueRequired":true,"valueName":"search_term_string"}}],"inLanguage":"fr-FR"}]}},"_links":{"self":[{"href":"https:\/\/www.dorsoo.com\/fr\/wp-json\/wp\/v2\/pages\/463","targetHints":{"allow":["GET"]}}],"collection":[{"href":"https:\/\/www.dorsoo.com\/fr\/wp-json\/wp\/v2\/pages"}],"about":[{"href":"https:\/\/www.dorsoo.com\/fr\/wp-json\/wp\/v2\/types\/page"}],"author":[{"embeddable":true,"href":"https:\/\/www.dorsoo.com\/fr\/wp-json\/wp\/v2\/users\/1"}],"replies":[{"embeddable":true,"href":"https:\/\/www.dorsoo.com\/fr\/wp-json\/wp\/v2\/comments?post=463"}],"version-history":[{"count":5,"href":"https:\/\/www.dorsoo.com\/fr\/wp-json\/wp\/v2\/pages\/463\/revisions"}],"predecessor-version":[{"id":26491,"href":"https:\/\/www.dorsoo.com\/fr\/wp-json\/wp\/v2\/pages\/463\/revisions\/26491"}],"wp:attachment":[{"href":"https:\/\/www.dorsoo.com\/fr\/wp-json\/wp\/v2\/media?parent=463"}],"curies":[{"name":"wp","href":"https:\/\/api.w.org\/{rel}","templated":true}]}}