{"id":1122,"date":"2019-02-07T15:55:34","date_gmt":"2019-02-07T14:55:34","guid":{"rendered":"https:\/\/dorsoo.com\/terms-and-conditions\/"},"modified":"2021-05-10T11:04:43","modified_gmt":"2021-05-10T09:04:43","slug":"protection-de-la-vie-privee-et-avis-de-non-responsabilite","status":"publish","type":"page","link":"https:\/\/www.dorsoo.com\/fr\/protection-de-la-vie-privee-et-avis-de-non-responsabilite\/","title":{"rendered":"Protection de la vie priv\u00e9e et avis de non-responsabilit\u00e9"},"content":{"rendered":"<div class=\"wpb-content-wrapper\"><p>[vc_row css_animation=\u00a0\u00bb\u00a0\u00bb row_type=\u00a0\u00bbrow\u00a0\u00bb use_row_as_full_screen_section=\u00a0\u00bbno\u00a0\u00bb type=\u00a0\u00bbgrid\u00a0\u00bb angled_section=\u00a0\u00bbno\u00a0\u00bb text_align=\u00a0\u00bbleft\u00a0\u00bb background_image_as_pattern=\u00a0\u00bbwithout_pattern\u00a0\u00bb z_index=\u00a0\u00bb\u00a0\u00bb css=\u00a0\u00bb.vc_custom_1551691236349{padding-top: 50px !important;}\u00a0\u00bb][vc_column][vc_column_text]<\/p>\n<h2>Protection de la vie priv\u00e9e et avis de non-responsabilit\u00e9<\/h2>\n<p>[\/vc_column_text][vc_empty_space height=\u00a0\u00bb15px\u00a0\u00bb][vc_column_text]<\/p>\n<h3>1. Informations g\u00e9n\u00e9rales<\/h3>\n<p>[\/vc_column_text][vc_column_text]Ce site Web est d\u00e9tenu et g\u00e9r\u00e9 par Dorsoo International srl, Ten Beukeboom 13, 9400 Ninove, Belgique, TVA BE 0475.165.683, RPM Gent (Dendermonde), et\/ou ses soci\u00e9t\u00e9s li\u00e9es (ci-apr\u00e8s Dorsoo).<\/p>\n<p>Pour toutes questions et remarques concernant le site Web ou la pr\u00e9sente communication, vous pouvez envoyer un courrier \u00e0 l\u2019adresse ci-dessus ou un e-mail au service client\u00e8le \u00e0 l\u2019adresse\u00a0<a href=\"mailto:info@dorsoo.com\">info@dorsoo.com<\/a>.[\/vc_column_text][vc_empty_space][vc_column_text]<\/p>\n<h3>2. Conditions d\u2019utilisation<\/h3>\n<p>[\/vc_column_text][vc_column_text]Toute utilisation du site Web est soumise aux pr\u00e9sentes conditions. La simple utilisation du site Web implique que l\u2019utilisateur accepte les conditions qui y sont reprises concernant son utilisation. Dorsoo se r\u00e9serve le droit de modifier ces conditions \u00e0 tout moment. Les conditions adapt\u00e9es sont publi\u00e9es sur le site Web et entreront automatiquement en vigueur apr\u00e8s leur publication.[\/vc_column_text][vc_empty_space][vc_column_text]<\/p>\n<h3>3. Nature des informations propos\u00e9es<\/h3>\n<p>[\/vc_column_text][vc_column_text]Les informations qui sont disponibles sur ce site Web sont de nature g\u00e9n\u00e9rale. Ces informations ne sont pas adapt\u00e9es \u00e0 des circonstances personnelles ou sp\u00e9cifiques et ne peuvent donc en aucun cas \u00eatre assimil\u00e9es \u00e0 un avis personnel, professionnel ou juridique. Ce site Web ainsi que tout le mat\u00e9riel propos\u00e9 sont disponibles \u00ab\u00a0en l\u2019\u00e9tat\u00a0\u00bb et sans qu\u2019aucune garantie soit fournie. L\u2019utilisation du site Web et des informations qu\u2019il contient se fait d\u00e8s lors exclusivement \u00e0 vos propres risques.[\/vc_column_text][vc_empty_space][vc_column_text]<\/p>\n<h3>4. Limitation de la responsabilit\u00e9<\/h3>\n<p>[\/vc_column_text][vc_column_text]Dorsoo s\u2019efforce de communiquer des informations aussi correctes que possible, mais ne peut jamais garantir l\u2019exactitude, l\u2019exhaustivit\u00e9, l\u2019ad\u00e9quation de la communication ou des informations pour quelque utilisation que ce soit, et elle ne peut pas \u00eatre tenue responsable \u00e0 cet \u00e9gard. Dorsoo n\u2019est pas responsable de d\u00e9cisions prises ou d\u2019actes pos\u00e9s par l\u2019utilisateur sur la base des informations ou donn\u00e9es transmises ou d\u2019une communication concernant des utilisateurs ou des tiers, et elle n\u2019est pas non plus responsable des erreurs ou fautes, ni des \u00e9ventuels dommages directs ou indirects qui pourraient en d\u00e9couler.\u00a0Dorsoo n\u2019est en aucun cas responsable des dommages caus\u00e9s aux donn\u00e9es ou aux \u00e9quipements informatiques de l\u2019utilisateur cons\u00e9cutifs \u00e0 l\u2019utilisation du site Web, ni de la transmission \u00e9ventuelle de virus via le site Web.[\/vc_column_text][vc_empty_space][vc_column_text]<\/p>\n<h3>5. Liens vers d\u2019autres sites Web<\/h3>\n<p>[\/vc_column_text][vc_column_text]Dorsoo ne peut en aucun cas \u00eatre tenue responsable des informations qui sont propos\u00e9es sous forme de service \u00e0 l\u2019utilisateur par le biais de liens hypertextes renvoyant au contenu de tiers ou \u00e0 des sites Web g\u00e9r\u00e9s par des tiers. Ces liens sont purement informatifs et seuls les exploitants de ces sites Web sont responsables de l\u2019exactitude des informations propos\u00e9es et du respect des l\u00e9gislations et des r\u00e9glementations li\u00e9es aux produits et services qu\u2019ils proposent de vendre sur leur site Web, plus pr\u00e9cis\u00e9ment en mati\u00e8re de protection du consommateur, de vente \u00e0 distance, de la l\u00e9gislation relative \u00e0 la tarification de la propri\u00e9t\u00e9 intellectuelle, etc.[\/vc_column_text][vc_empty_space][vc_column_text]<\/p>\n<h3>6. Droits de propri\u00e9t\u00e9 intellectuelle<\/h3>\n<p>[\/vc_column_text][vc_column_text]Tous les textes, photos, dessins, graphiques, images, sons, donn\u00e9es, bases de donn\u00e9es, logiciels, noms, d\u00e9nominations commerciales, noms de domaines et tous les autres \u00e9l\u00e9ments du site Web de Dorsoo sont des \u0153uvres prot\u00e9g\u00e9es par des droits d\u2019auteur et peuvent \u00e9galement \u00eatre prot\u00e9g\u00e9s autrement. Le site Web lui-m\u00eame est \u00e9galement prot\u00e9g\u00e9 par des droits d\u2019auteur et, en tant que banque de donn\u00e9es, il est \u00e9galement prot\u00e9g\u00e9 par la loi sur les droits d\u2019auteur et par la loi sur les banques de donn\u00e9es.<\/p>\n<p>Aucun de ces \u00e9l\u00e9ments, ni le site Web proprement dit, ni les informations propos\u00e9es sur le site Web ne peuvent \u00eatre enregistr\u00e9s (autrement que ce qui est n\u00e9cessaire pour pouvoir consulter le site Web), reproduits, modifi\u00e9s, rendus publics, diffus\u00e9s, envoy\u00e9s, vendus, transmis \u00e0 des tiers ou utilis\u00e9s de quelque mani\u00e8re que ce soit sans l\u2019autorisation pr\u00e9alable et \u00e9crite de Dorsoo.[\/vc_column_text][vc_empty_space][vc_column_text]<\/p>\n<h3>7. Modifications<\/h3>\n<p>[\/vc_column_text][vc_column_text]Dorsoo se r\u00e9serve le droit d\u2019adapter \u00e0 tout moment les pr\u00e9sentes conditions d\u2019utilisation. Il est d\u00e8s lors de votre responsabilit\u00e9 de relire r\u00e9guli\u00e8rement ces conditions d\u2019utilisation. Les pr\u00e9sentes conditions d\u2019utilisation ont \u00e9t\u00e9 modifi\u00e9es et r\u00e9vis\u00e9es pour la derni\u00e8re fois le 13 juin 2017.[\/vc_column_text][vc_empty_space][vc_column_text]<\/p>\n<h3>8. Protection de vos donn\u00e9es \u00e0 caract\u00e8re personnel<\/h3>\n<p>[\/vc_column_text][vc_column_text]Dorsoo respecte votre vie priv\u00e9e. Les donn\u00e9es que vous saisissez sur le site sont trait\u00e9es avec la plus grande confidentialit\u00e9.<\/p>\n<p>&nbsp;<\/p>\n<h4>Politique en mati\u00e8re de protection de la vie priv\u00e9e<\/h4>\n<p>Dorsoo attache une grande importance \u00e0 la protection de la vie priv\u00e9e. Par cet avis, nous voulons vous informer sur la politique de Dorsoo concernant le traitement des donn\u00e9es \u00e0 caract\u00e8re personnel que vous communiquez \u00e0 Dorsoo via ce site Web. Lorsque vous visitez le site Web simplement pour trouver des informations sur Dorsoo, ses produits et ses services ou sur des sujets qui se retrouvent sur ce site Web, aucune donn\u00e9e \u00e0 caract\u00e8re personnel n\u2019est trait\u00e9e.\u00a0 Ce n\u2019est que lorsque vous voulez recevoir certains services ou produits ou utiliser certains services sur notre site Web ou que vous demandez des services ou des produits pour lesquels un enregistrement est requis que des donn\u00e9es \u00e0 caract\u00e8re personnel peuvent vous \u00eatre demand\u00e9es (pr\u00e9nom, nom, adresse e-mail, sexe, rue, num\u00e9ro, code postal, localit\u00e9, date de naissance, profession, num\u00e9ro de t\u00e9l\u00e9phone). Chaque fois que vous communiquerez des donn\u00e9es \u00e0 caract\u00e8re personnel, Dorsoo les traitera conform\u00e9ment \u00e0 la politique d\u00e9crite ici et aux obligations l\u00e9gales relatives au traitement des donn\u00e9es \u00e0 caract\u00e8re personnel.<\/p>\n<p>Vous garantissez que les informations que vous communiquez \u00e0 Dorsoo vous appartiennent ou, du moins, que vous avez l\u2019autorisation de les utiliser et de les transmettre \u00e0 Dorsoo. Dorsoo peut vous interdire provisoirement ou d\u00e9finitivement l\u2019acc\u00e8s \u00e0 son site Web ou \u00e0 des parties si vous utilisez des donn\u00e9es falsifi\u00e9es ou des donn\u00e9es de tiers sans leur autorisation.<\/p>\n<p>&nbsp;<\/p>\n<h4>Traitement des donn\u00e9es \u00e0 caract\u00e8re personnel<\/h4>\n<p>Dorsoo ne collecte ou ne traite aucune donn\u00e9e sensible ou donn\u00e9e qui n\u00e9cessite votre consentement \u00e9crit explicite.<\/p>\n<p>Dorsoo ne traitera, en principe, les donn\u00e9es que vous lui communiquez qu\u2019aux seules fins mentionn\u00e9es dans la pr\u00e9sente politique de protection de la vie priv\u00e9e (voir plus loin).<\/p>\n<p>Les donn\u00e9es \u00e0 caract\u00e8re personnel recueillies par Dorsoo sont enregistr\u00e9es dans un fichier informatique conserv\u00e9 dans un environnement s\u00e9curis\u00e9. Seules certaines personnes au service de Dorsoo ou certaines personnes ou entit\u00e9s avec lesquelles Dorsoo a conclu un accord ont acc\u00e8s \u00e0 vos donn\u00e9es. Leur acc\u00e8s est toujours limit\u00e9 dans la mesure o\u00f9 elles en ont besoin pour exercer leur fonction ou remplir leur mission.<\/p>\n<p>&nbsp;<\/p>\n<h4>Finalit\u00e9 du traitement<\/h4>\n<p>Dorsoo traite les donn\u00e9es \u00e0 caract\u00e8re personnel pour entrer en contact avec vous, vous fournir les produits ou services que vous avez demand\u00e9s ou pour lesquels vous vous \u00eates enregistr\u00e9s, vous informer sur notre offre de produits et de services, personnaliser notre offre de produits et de services et \u00e0 des fins de marketing direct de tiers.<\/p>\n<p>L\u2019utilisation de vos donn\u00e9es \u00e0 caract\u00e8re personnel \u00e0 des fins de marketing direct de tiers est soumise \u00e0 votre consentement explicite que vous pouvez librement donner ou refuser.<\/p>\n<p>Vous pouvez aussi informer Dorsoo que vous ne souhaitez plus \u00eatre tenu au courant de l\u2019offre de produits et de services.<\/p>\n<p>Vous pouvez \u00e0 tout moment consulter les donn\u00e9es \u00e0 caract\u00e8re personnel dont Dorsoo dispose vous concernant et faire corriger ou supprimer des donn\u00e9es \u00e9ventuellement impr\u00e9cises ou incompl\u00e8tes. Pour faire valoir ces droits, envoyez un e-mail avec, en pi\u00e8ce jointe, une copie de votre carte d\u2019identit\u00e9 \u00e0\u00a0<a href=\"mailto:info@dorsoo.com\">info@dorsoo.com<\/a>\u00a0ou un courrier avec la pi\u00e8ce jointe pr\u00e9cit\u00e9e \u00e0 l\u2019adresse postale de Dorsoo mentionn\u00e9e ci-dessus, \u00e0 l\u2019attention du service client\u00e8le.[\/vc_column_text][vc_empty_space][vc_column_text]<\/p>\n<h3>9. Droit applicable et tribunal comp\u00e9tent<\/h3>\n<p>[\/vc_column_text][vc_column_text]Le droit belge s\u2019applique. L\u2019invalidit\u00e9, la nullit\u00e9 ou la nature non ex\u00e9cutoire de tout ou partie de l\u2019une des dispositions ci-dessus ne conduira pas \u00e0 l\u2019invalidit\u00e9 et\/ou \u00e0 la non-applicabilit\u00e9 des autres dispositions. Sauf disposition contraire dans les conditions d\u2019un produit ou service, tout litige \u00e9ventuel d\u00e9coulant de l\u2019utilisation du site Web est soumis au droit belge et les tribunaux de Dendermonde (Belgique) sont exclusivement comp\u00e9tents.[\/vc_column_text][vc_empty_space][vc_column_text]<\/p>\n<h3>10. Cookies<\/h3>\n<p>[\/vc_column_text][vc_column_text]Quand vous visitez notre site, nous ins\u00e9rons de petits fichiers, appel\u00e9s cookies, sur votre ordinateur ou appareil mobile.<\/p>\n<p>&nbsp;<\/p>\n<p>1. Qu\u2019entend-on par cookies ?<\/p>\n<p>Les cookies sont des petits fichiers texte qui aident les sites Web \u00e0 m\u00e9moriser vos choix et vos pr\u00e9f\u00e9rences afin que vous ne deviez plus les indiquer \u00e0 chaque fois que vous visitez le site ou que vous naviguez d\u2019une page \u00e0 l\u2019autre.<\/p>\n<p>&nbsp;<\/p>\n<p>2. Pas de donn\u00e9es \u00e0 caract\u00e8re personnel<\/p>\n<p>Un cookie se compose d\u2019un num\u00e9ro ou d\u2019une valeur (unique). Il ne contient aucune donn\u00e9e \u00e0 caract\u00e8re personnel.<\/p>\n<p>&nbsp;<\/p>\n<p>3. Quels cookies sont utilis\u00e9s sur ce site Web ?<\/p>\n<p>Ce site Web utilise les cookies suivants\u00a0:<\/p>\n<p>&nbsp;<\/p>\n<p style=\"padding-left: 40px;\"><em>1. Cookies indispensables<\/em><\/p>\n<p style=\"padding-left: 40px;\">Ces cookies sont indispensables pour pouvoir visiter notre site Web et pouvoir en utiliser certaines rubriques. Ces cookies vous permettent par exemple de naviguer entre les diff\u00e9rentes rubriques du site Web ou de remplir des formulaires. Si vous refusez ces cookies, certaines rubriques du site Web ne fonctionneront plus ou pas de mani\u00e8re optimale.<\/p>\n<p>&nbsp;<\/p>\n<p style=\"padding-left: 40px;\"><em>2. Cookies fonctionnels<\/em><\/p>\n<p style=\"padding-left: 40px;\">Les cookies fonctionnels sont des cookies destin\u00e9s \u00e0 faciliter le fonctionnement de notre site Web, \u00e0 en rendre l\u2019utilisation plus agr\u00e9able pour le visiteur et \u00e0 vous donner une exp\u00e9rience de navigation plus personnalis\u00e9e. Il s\u2019agit par exemple des cookies qui retiennent vos pr\u00e9f\u00e9rences.<\/p>\n<p>&nbsp;<\/p>\n<p style=\"padding-left: 40px;\"><em>3. Cookies de performance<\/em><\/p>\n<p style=\"padding-left: 40px;\">Ce site Web utilise \u00e9galement Google Analytics. Ces cookies permettent de r\u00e9colter des informations sur l\u2019utilisation que les visiteurs font de notre site Web dans le but d\u2019en am\u00e9liorer le contenu, de mieux l\u2019adapter aux souhaits des visiteurs et d\u2019en augmenter la convivialit\u00e9. Ainsi, il existe par exemple un cookie qui nous aide \u00e0 comptabiliser le nombre de visiteurs uniques et un autre qui analyse quelles sont les pages les plus populaires.<\/p>\n<p>&nbsp;<\/p>\n<p style=\"padding-left: 40px;\"><em>4. Cookies tiers<\/em><\/p>\n<p style=\"padding-left: 40px;\">Le site Web contient \u00e9galement des \u00e9l\u00e9ments \u00e9manant de tiers, tels que des services audiovisuels, des boutons propres aux m\u00e9dias sociaux ou des publicit\u00e9s.<\/p>\n<p>&nbsp;<\/p>\n<p>4. Refuser les cookies<\/p>\n<p>Vous pouvez refuser l\u2019installation de cookies au moyen des param\u00e8tres de votre navigateur.<br \/>\nVous trouverez plus d\u2019explications sur <a href=\"http:\/\/www.youronlinechoices.eu\">http:\/\/www.youronlinechoices.eu<\/a>[\/vc_column_text][vc_empty_space][\/vc_column][\/vc_row]<\/p>\n<\/div>","protected":false},"excerpt":{"rendered":"<p>[vc_row css_animation=\u00a0\u00bb\u00a0\u00bb row_type=\u00a0\u00bbrow\u00a0\u00bb use_row_as_full_screen_section=\u00a0\u00bbno\u00a0\u00bb type=\u00a0\u00bbgrid\u00a0\u00bb angled_section=\u00a0\u00bbno\u00a0\u00bb text_align=\u00a0\u00bbleft\u00a0\u00bb background_image_as_pattern=\u00a0\u00bbwithout_pattern\u00a0\u00bb z_index=\u00a0\u00bb\u00a0\u00bb css=\u00a0\u00bb.vc_custom_1551691236349{padding-top: 50px !important;}\u00a0\u00bb][vc_column][vc_column_text] Protection de la vie priv\u00e9e et avis de non-responsabilit\u00e9 [\/vc_column_text][vc_empty_space height=\u00a0\u00bb15px\u00a0\u00bb][vc_column_text] 1. Informations g\u00e9n\u00e9rales [\/vc_column_text][vc_column_text]Ce site Web est d\u00e9tenu et g\u00e9r\u00e9 par Dorsoo International srl, Ten Beukeboom 13, 9400 Ninove, Belgique, TVA BE&#8230;<\/p>\n","protected":false},"author":1,"featured_media":0,"parent":0,"menu_order":0,"comment_status":"closed","ping_status":"closed","template":"full_width.php","meta":{"_acf_changed":false,"inline_featured_image":false,"footnotes":""},"class_list":["post-1122","page","type-page","status-publish","hentry"],"acf":[],"yoast_head":"<!-- This site is optimized with the Yoast SEO plugin v27.4 - https:\/\/yoast.com\/product\/yoast-seo-wordpress\/ -->\n<title>Protection de la vie priv\u00e9e et avis de non-responsabilit\u00e9 - Dorsoo<\/title>\n<meta name=\"robots\" content=\"index, follow, max-snippet:-1, max-image-preview:large, max-video-preview:-1\" \/>\n<link rel=\"canonical\" href=\"https:\/\/www.dorsoo.com\/fr\/protection-de-la-vie-privee-et-avis-de-non-responsabilite\/\" \/>\n<meta property=\"og:locale\" content=\"fr_FR\" \/>\n<meta property=\"og:type\" content=\"article\" \/>\n<meta property=\"og:title\" content=\"Protection de la vie priv\u00e9e et avis de non-responsabilit\u00e9 - Dorsoo\" \/>\n<meta property=\"og:description\" content=\"[vc_row css_animation=\u00a0\u00bb\u00a0\u00bb row_type=\u00a0\u00bbrow\u00a0\u00bb use_row_as_full_screen_section=\u00a0\u00bbno\u00a0\u00bb type=\u00a0\u00bbgrid\u00a0\u00bb angled_section=\u00a0\u00bbno\u00a0\u00bb text_align=\u00a0\u00bbleft\u00a0\u00bb background_image_as_pattern=\u00a0\u00bbwithout_pattern\u00a0\u00bb z_index=\u00a0\u00bb\u00a0\u00bb css=\u00a0\u00bb.vc_custom_1551691236349{padding-top: 50px !important;}\u00a0\u00bb][vc_column][vc_column_text] Protection de la vie priv\u00e9e et avis de non-responsabilit\u00e9 [\/vc_column_text][vc_empty_space height=\u00a0\u00bb15px\u00a0\u00bb][vc_column_text] 1. Informations g\u00e9n\u00e9rales [\/vc_column_text][vc_column_text]Ce site Web est d\u00e9tenu et g\u00e9r\u00e9 par Dorsoo International srl, Ten Beukeboom 13, 9400 Ninove, Belgique, TVA BE...\" \/>\n<meta property=\"og:url\" content=\"https:\/\/www.dorsoo.com\/fr\/protection-de-la-vie-privee-et-avis-de-non-responsabilite\/\" \/>\n<meta property=\"og:site_name\" content=\"Dorsoo\" \/>\n<meta property=\"article:modified_time\" content=\"2021-05-10T09:04:43+00:00\" \/>\n<meta name=\"twitter:card\" content=\"summary_large_image\" \/>\n<meta name=\"twitter:label1\" content=\"Dur\u00e9e de lecture estim\u00e9e\" \/>\n\t<meta name=\"twitter:data1\" content=\"8 minutes\" \/>\n<script type=\"application\/ld+json\" class=\"yoast-schema-graph\">{\"@context\":\"https:\\\/\\\/schema.org\",\"@graph\":[{\"@type\":\"WebPage\",\"@id\":\"https:\\\/\\\/www.dorsoo.com\\\/fr\\\/protection-de-la-vie-privee-et-avis-de-non-responsabilite\\\/\",\"url\":\"https:\\\/\\\/www.dorsoo.com\\\/fr\\\/protection-de-la-vie-privee-et-avis-de-non-responsabilite\\\/\",\"name\":\"Protection de la vie priv\u00e9e et avis de non-responsabilit\u00e9 - Dorsoo\",\"isPartOf\":{\"@id\":\"https:\\\/\\\/www.dorsoo.com\\\/fr\\\/#website\"},\"datePublished\":\"2019-02-07T14:55:34+00:00\",\"dateModified\":\"2021-05-10T09:04:43+00:00\",\"breadcrumb\":{\"@id\":\"https:\\\/\\\/www.dorsoo.com\\\/fr\\\/protection-de-la-vie-privee-et-avis-de-non-responsabilite\\\/#breadcrumb\"},\"inLanguage\":\"fr-FR\",\"potentialAction\":[{\"@type\":\"ReadAction\",\"target\":[\"https:\\\/\\\/www.dorsoo.com\\\/fr\\\/protection-de-la-vie-privee-et-avis-de-non-responsabilite\\\/\"]}]},{\"@type\":\"BreadcrumbList\",\"@id\":\"https:\\\/\\\/www.dorsoo.com\\\/fr\\\/protection-de-la-vie-privee-et-avis-de-non-responsabilite\\\/#breadcrumb\",\"itemListElement\":[{\"@type\":\"ListItem\",\"position\":1,\"name\":\"Home\",\"item\":\"https:\\\/\\\/www.dorsoo.com\\\/fr\\\/\"},{\"@type\":\"ListItem\",\"position\":2,\"name\":\"Protection de la vie priv\u00e9e et avis de non-responsabilit\u00e9\"}]},{\"@type\":\"WebSite\",\"@id\":\"https:\\\/\\\/www.dorsoo.com\\\/fr\\\/#website\",\"url\":\"https:\\\/\\\/www.dorsoo.com\\\/fr\\\/\",\"name\":\"Dorsoo\",\"description\":\"Zorg voor uw slaap \u00e9n uw rug\u200e\",\"potentialAction\":[{\"@type\":\"SearchAction\",\"target\":{\"@type\":\"EntryPoint\",\"urlTemplate\":\"https:\\\/\\\/www.dorsoo.com\\\/fr\\\/?s={search_term_string}\"},\"query-input\":{\"@type\":\"PropertyValueSpecification\",\"valueRequired\":true,\"valueName\":\"search_term_string\"}}],\"inLanguage\":\"fr-FR\"}]}<\/script>\n<!-- \/ Yoast SEO plugin. -->","yoast_head_json":{"title":"Protection de la vie priv\u00e9e et avis de non-responsabilit\u00e9 - Dorsoo","robots":{"index":"index","follow":"follow","max-snippet":"max-snippet:-1","max-image-preview":"max-image-preview:large","max-video-preview":"max-video-preview:-1"},"canonical":"https:\/\/www.dorsoo.com\/fr\/protection-de-la-vie-privee-et-avis-de-non-responsabilite\/","og_locale":"fr_FR","og_type":"article","og_title":"Protection de la vie priv\u00e9e et avis de non-responsabilit\u00e9 - Dorsoo","og_description":"[vc_row css_animation=\u00a0\u00bb\u00a0\u00bb row_type=\u00a0\u00bbrow\u00a0\u00bb use_row_as_full_screen_section=\u00a0\u00bbno\u00a0\u00bb type=\u00a0\u00bbgrid\u00a0\u00bb angled_section=\u00a0\u00bbno\u00a0\u00bb text_align=\u00a0\u00bbleft\u00a0\u00bb background_image_as_pattern=\u00a0\u00bbwithout_pattern\u00a0\u00bb z_index=\u00a0\u00bb\u00a0\u00bb css=\u00a0\u00bb.vc_custom_1551691236349{padding-top: 50px !important;}\u00a0\u00bb][vc_column][vc_column_text] Protection de la vie priv\u00e9e et avis de non-responsabilit\u00e9 [\/vc_column_text][vc_empty_space height=\u00a0\u00bb15px\u00a0\u00bb][vc_column_text] 1. Informations g\u00e9n\u00e9rales [\/vc_column_text][vc_column_text]Ce site Web est d\u00e9tenu et g\u00e9r\u00e9 par Dorsoo International srl, Ten Beukeboom 13, 9400 Ninove, Belgique, TVA BE...","og_url":"https:\/\/www.dorsoo.com\/fr\/protection-de-la-vie-privee-et-avis-de-non-responsabilite\/","og_site_name":"Dorsoo","article_modified_time":"2021-05-10T09:04:43+00:00","twitter_card":"summary_large_image","twitter_misc":{"Dur\u00e9e de lecture estim\u00e9e":"8 minutes"},"schema":{"@context":"https:\/\/schema.org","@graph":[{"@type":"WebPage","@id":"https:\/\/www.dorsoo.com\/fr\/protection-de-la-vie-privee-et-avis-de-non-responsabilite\/","url":"https:\/\/www.dorsoo.com\/fr\/protection-de-la-vie-privee-et-avis-de-non-responsabilite\/","name":"Protection de la vie priv\u00e9e et avis de non-responsabilit\u00e9 - Dorsoo","isPartOf":{"@id":"https:\/\/www.dorsoo.com\/fr\/#website"},"datePublished":"2019-02-07T14:55:34+00:00","dateModified":"2021-05-10T09:04:43+00:00","breadcrumb":{"@id":"https:\/\/www.dorsoo.com\/fr\/protection-de-la-vie-privee-et-avis-de-non-responsabilite\/#breadcrumb"},"inLanguage":"fr-FR","potentialAction":[{"@type":"ReadAction","target":["https:\/\/www.dorsoo.com\/fr\/protection-de-la-vie-privee-et-avis-de-non-responsabilite\/"]}]},{"@type":"BreadcrumbList","@id":"https:\/\/www.dorsoo.com\/fr\/protection-de-la-vie-privee-et-avis-de-non-responsabilite\/#breadcrumb","itemListElement":[{"@type":"ListItem","position":1,"name":"Home","item":"https:\/\/www.dorsoo.com\/fr\/"},{"@type":"ListItem","position":2,"name":"Protection de la vie priv\u00e9e et avis de non-responsabilit\u00e9"}]},{"@type":"WebSite","@id":"https:\/\/www.dorsoo.com\/fr\/#website","url":"https:\/\/www.dorsoo.com\/fr\/","name":"Dorsoo","description":"Zorg voor uw slaap \u00e9n uw rug\u200e","potentialAction":[{"@type":"SearchAction","target":{"@type":"EntryPoint","urlTemplate":"https:\/\/www.dorsoo.com\/fr\/?s={search_term_string}"},"query-input":{"@type":"PropertyValueSpecification","valueRequired":true,"valueName":"search_term_string"}}],"inLanguage":"fr-FR"}]}},"_links":{"self":[{"href":"https:\/\/www.dorsoo.com\/fr\/wp-json\/wp\/v2\/pages\/1122","targetHints":{"allow":["GET"]}}],"collection":[{"href":"https:\/\/www.dorsoo.com\/fr\/wp-json\/wp\/v2\/pages"}],"about":[{"href":"https:\/\/www.dorsoo.com\/fr\/wp-json\/wp\/v2\/types\/page"}],"author":[{"embeddable":true,"href":"https:\/\/www.dorsoo.com\/fr\/wp-json\/wp\/v2\/users\/1"}],"replies":[{"embeddable":true,"href":"https:\/\/www.dorsoo.com\/fr\/wp-json\/wp\/v2\/comments?post=1122"}],"version-history":[{"count":1,"href":"https:\/\/www.dorsoo.com\/fr\/wp-json\/wp\/v2\/pages\/1122\/revisions"}],"predecessor-version":[{"id":12448,"href":"https:\/\/www.dorsoo.com\/fr\/wp-json\/wp\/v2\/pages\/1122\/revisions\/12448"}],"wp:attachment":[{"href":"https:\/\/www.dorsoo.com\/fr\/wp-json\/wp\/v2\/media?parent=1122"}],"curies":[{"name":"wp","href":"https:\/\/api.w.org\/{rel}","templated":true}]}}